{"id":112,"date":"2019-08-14T15:08:19","date_gmt":"2019-08-14T13:08:19","guid":{"rendered":"https:\/\/template-mini-sites.solution-park.net\/?page_id=112"},"modified":"2025-06-11T07:49:07","modified_gmt":"2025-06-11T05:49:07","slug":"rechtliche-hinweise","status":"publish","type":"page","link":"https:\/\/www.adopteunparking.com\/de_de\/mentions-legales","title":{"rendered":"Rechtliche Hinweise"},"content":{"rendered":"<h2 class=\"wp-block-heading\">AdopteUnParking<\/h2><p>SAS AdopteUnParking<\/p><p>Stammkapital: 10000\u20ac<\/p><p>Hauptsitz: Parc Innolin - 15 all\u00e9e des Acacias - B\u00e2t C - 1. Etage - 33700 M\u00c9RIGNAC<\/p><p>SIRET: 91451064900025<\/p><p>MEHRWERTSTEUER-IDENTIFIKATIONSNUMMER: FR61914510649<\/p><h2 class=\"wp-block-heading\">Verantwortlicher Direktor f\u00fcr die Ver\u00f6ffentlichung - DPO Verantwortlicher f\u00fcr die Datenverarbeitung :<\/h2><p>SAS AdopteUnParking<\/p><p>COORDONNEREN: contact@adopteunparking.com<\/p><h2 class=\"wp-block-heading\">Allgemeine, administrative, Rechnungs- und technische Kontakte :<\/h2><p>SAS AdopteUnParking<\/p><p>COORDONNEREN: contact@adopteunparking.com<\/p><h2 class=\"wp-block-heading\">Realisierung und Pflege der Website :<\/h2><p>SAS AdopteUnParking<\/p><p>Hauptsitz: Parc Innolin - 15 all\u00e9e des Acacias - B\u00e2t C - 1. Etage - 33700 M\u00c9RIGNAC<\/p><p>SIRET: 91451064900025<\/p><p>Hoster<br>OVH SAS RCS Roubaix - Tourcoing 424 761 419 00045<br>Hauptsitz: 2 rue Kellermann - 59100 Roubaix - Frankreich.<\/p><h2 class=\"wp-block-heading\">Anwendbares Recht :<\/h2><p>In den rechtlichen Hinweisen werden als \"diese Seite\" die Seite bezeichnet:<\/p>https:\/\/www.adopteunparking.com<p>Im Impressum werden sie als \"Das Unternehmen\" bezeichnet: <\/p><p>Die Darstellung und der Inhalt dieser Website stellen ein digitales Werk dar. Sie ist durch die geltenden Gesetze \u00fcber geistiges Eigentum gesch\u00fctzt. Die vollst\u00e4ndige oder teilweise Vervielf\u00e4ltigung oder Darstellung der Seiten, der Daten und jedes anderen Elements, das Bestandteil der Website ist, durch welches Verfahren auch immer, darf nur mit der ausdr\u00fccklichen Genehmigung des Eigent\u00fcmers erfolgen.<\/p><p>Gem\u00e4\u00df den seit dem 10.07.2006 geltenden \u00c4nderungsvorschriften ist die Anmeldung einer nicht kommerziellen Website und\/oder einer Website, die keine Risikodaten sammelt, bei der CNIL nicht mehr verpflichtend.<\/p><p>Dennoch verpflichten wir uns, die Privatsph\u00e4re von Interessenten, Kunden, Newsletter-Abonnenten, Mitgliedern und allen anderen Kontakten jeglicher Art zu respektieren und halten uns in allen Punkten an die Gesetzgebung zum Schutz der Privatsph\u00e4re und der pers\u00f6nlichen Freiheiten (Gesetz Nr. 78-17 vom 6. Januar 1978).<\/p><p>Keine der gesammelten Informationen wird an Dritte weitergegeben. Gem\u00e4\u00df Artikel 34 des franz\u00f6sischen Datenschutzgesetzes vom 1. August 2000 hat jede Person, deren Daten gesammelt wurden, das Recht, auf die sie betreffenden pers\u00f6nlichen Daten zuzugreifen, sie zu berichtigen und ihnen zu widersprechen, entweder per Post oder online \u00fcber das Kontaktformular.<\/p><p>Wir danken Ihnen f\u00fcr Ihren Besuch auf dieser Website.<\/p><p>Diese Website und die vorliegenden Allgemeinen Gesch\u00e4ftsbedingungen unterliegen dem franz\u00f6sischen Recht und sind in franz\u00f6sischer Sprache verfasst.<br>Das Unternehmen beh\u00e4lt sich das Recht vor, die vorliegenden Hinweise jederzeit zu \u00e4ndern. Der Nutzer verpflichtet sich, sie regelm\u00e4\u00dfig zu konsultieren.<\/p><h3 class=\"wp-block-heading\">Schutz personenbezogener Daten :<\/h3><p>Die Konsultation dieser Website ist m\u00f6glich, ohne dass Sie Ihre Identit\u00e4t oder andere pers\u00f6nliche Informationen \u00fcber sich preisgeben m\u00fcssen.<br>L'Entreprise verpflichtet sich, Ihre Privatsph\u00e4re zu respektieren und die Informationen, die Sie uns mitteilen, zu sch\u00fctzen. Insbesondere sind die auf dieser Website gesammelten pers\u00f6nlichen Daten f\u00fcr die Verwendung durch das Unternehmen bestimmt. Sie sind vertraulich und werden als solche behandelt.<br>In Bezug auf die namentlichen Informationen, die Sie uns mitteilen, haben Sie gem\u00e4\u00df dem franz\u00f6sischen Gesetz \u00fcber Informatik und Freiheit Nr. 78-17 vom 6. Januar 1978 ein Recht auf Zugang und Berichtigung. Dieses Recht k\u00f6nnen Sie bei L'Entreprise aus\u00fcben.<br>Wenn Sie sich f\u00fcr Informationsdienste per E-Mail (\"Newsletter\") angemeldet haben, k\u00f6nnen Sie verlangen, dass Sie diese E-Mails nicht mehr erhalten.<br>Wir weisen Sie darauf hin, dass, um Ihnen immer besser angepasste Produkte und Dienstleistungen anbieten zu k\u00f6nnen, bestimmte nicht personenbezogene Informationen \u00fcber Ihre Aktivit\u00e4t auf dieser Website automatisch gesammelt werden. Diese Informationen sind f\u00fcr L'Entreprise bestimmt und k\u00f6nnen auch im Rahmen von Gesch\u00e4fts- oder Marketingaktionen verwendet werden oder als Grundlage f\u00fcr Studien und Analysen dienen.<br>Diese Informationen werden unter keinen Umst\u00e4nden an Dritte weitergegeben. Nur die Mitarbeiter von Das Unternehmen haben Zugang zu den Daten.<\/p><h3 class=\"wp-block-heading\">Sicherheit :<\/h3><p>Wir treffen alle angemessenen Vorsichtsma\u00dfnahmen, um die Integrit\u00e4t der Daten und ihre Vertraulichkeit zu wahren und die Weitergabe an unbefugte Dritte zu verhindern.<\/p><h3 class=\"wp-block-heading\">Verbot von automatisiertem Datenverkehr und Scraping<\/h3><p>Es ist strengstens untersagt, automatisierte Mittel zu verwenden, um auf den Inhalt dieser Website zuzugreifen, insbesondere :<\/p><ul class=\"wp-block-list\"><li>Scraping (automatische Datenextraktion)<\/li>\n\n<li>Die Verwendung von Robotern, Skripten oder automatisierter Software<\/li>\n\n<li>Absaugen von Inhalten (unerlaubtes Crawling)<\/li>\n\n<li>Jede Form der automatisierten Sammlung von Informationen<\/li><\/ul><p>Diese Praktiken sind ohne vorherige schriftliche Genehmigung verboten. Ein Versto\u00df gegen dieses Verbot kann zu rechtlichen Schritten und Schadensersatzanspr\u00fcchen f\u00fchren.<\/p><p>Der Zugriff auf die Website darf ausschlie\u00dflich durch normale menschliche Navigation erfolgen. Suchmaschinen-Robots, die die Datei robots.txt einhalten, sind erlaubt.<\/p><h3 class=\"wp-block-heading\">Hyperlinks :<\/h3><p>F\u00fcr die Einrichtung eines Hyperlinks zu dieser Website ist keine vorherige schriftliche Genehmigung von L'Entreprise erforderlich. Dennoch muss L'Entreprise innerhalb einer Frist von maximal 30 Tagen nach Einrichtung des Links dar\u00fcber informiert werden.<br>In jedem Fall haftet Das Unternehmen in keiner Weise f\u00fcr den Inhalt sowie f\u00fcr Produkte oder Dienstleistungen, die auf Websites angeboten werden, mit denen diese Website durch Hyperlinks oder jede andere Art von Link verbunden ist.<\/p><h3 class=\"wp-block-heading\">Rechte an geistigem Eigentum :<\/h3><p>Das Unternehmen weist die Nutzer dieser Website darauf hin, dass viele Elemente dieser Website :<br>a) urheberrechtlich gesch\u00fctzt sind: Dies kann insbesondere bei Fotografien, Artikeln, Zeichnungen, animierten Sequenzen der Fall sein... ;<br>b) und\/oder durch Geschmacksmusterrecht gesch\u00fctzt sind ;<br>c) durch die Markengesetze gesch\u00fctzt sind.<br>Die so gesch\u00fctzten Elemente sind Eigentum des Unternehmens oder von Dritten, die dem Unternehmen die Erlaubnis erteilt haben, sie zu nutzen.<br>Jede teilweise oder vollst\u00e4ndige Vervielf\u00e4ltigung, Darstellung, Verwendung, Anpassung, \u00c4nderung, Einarbeitung, \u00dcbersetzung, Vermarktung durch irgendein Verfahren und auf irgendeinem Tr\u00e4ger (Papier, digital, ...) ist ohne die vorherige schriftliche Genehmigung von L'Entreprise , abgesehen von den in Artikel L 122.5 des Code de la Propri\u00e9t\u00e9 Intellectuelle genannten Ausnahmen, untersagt, da sie eine Verletzung des Urheberrechts und\/oder der Geschmacksmuster und\/oder der Marke darstellt, die mit zwei Jahren Gef\u00e4ngnis und 150 000 \u20ac Geldstrafe bestraft wird.<\/p><h3 class=\"wp-block-heading\">Urheberrechte und\/oder Rechte an Geschmacksmustern :<\/h3><p>Die Fotografien, Texte, Slogans, Zeichnungen, Bilder, animierte Ton- und Bildsequenzen sowie alle auf der Website integrierten Werke sind Eigentum von L'Entreprise oder von Dritten, die L'Entreprise die Erlaubnis zur Verwendung dieser Werke erteilt haben.<br>Die Vervielf\u00e4ltigung der genannten Website auf Papier oder in elektronischer Form ist unter dem Vorbehalt gestattet, dass sie ausschlie\u00dflich f\u00fcr den pers\u00f6nlichen Gebrauch erfolgt und jegliche Nutzung f\u00fcr Werbe- und\/oder kommerzielle Zwecke und\/oder Informationszwecke ausschlie\u00dft und\/oder dass sie den Bestimmungen von Artikel L122-5 des franz\u00f6sischen Gesetzes \u00fcber geistiges Eigentum entspricht.<br>Einige Fotos stammen von folgenden Websites: unsplash.com, de stock.adobe.com, pixabay.com, flaticon.com, und wir danken ihnen daf\u00fcr.<br><\/p><h3 class=\"wp-block-heading\">Produktinformationen :<\/h3><p>Im Rahmen einer Politik der st\u00e4ndigen Verbesserung ihrer Produkte und <span style=\"color: #000000;\"><a href=\"https:\/\/www.adopteunparking.com\/de_de\">Dienste<\/a><\/span>L'Entreprise kann die Merkmale seines Angebots jederzeit \u00e4ndern. Die auf dieser Website dargestellten Produkte und\/oder Dienstleistungen sind solche, die in Frankreich vertrieben werden.<br>In jedem Fall handelt es sich bei den Informationen auf dieser Website um allgemeine Informationen, die nicht vertraglich bindend sind.<br>Haftungsbeschr\u00e4nkung :<br>Die Nutzung dieser Website erfolgt auf Ihre alleinige und ausschlie\u00dfliche Verantwortung. Das Unternehmen haftet nicht f\u00fcr direkte oder indirekte Sch\u00e4den, wie insbesondere Materialsch\u00e4den, Daten- oder Programmverluste, finanzielle Sch\u00e4den, die sich aus der Nutzung dieser Website oder damit verbundener Websites ergeben.<\/p><h3 class=\"wp-block-heading\">Aktualisiert:<\/h3><p>L'<a href=\"https:\/\/www.adopteunparking.com\/de_de\">Unternehmen<\/a> beh\u00e4lt sich das Recht vor, die vorliegenden rechtlichen Hinweise und alle auf der Website dargestellten Elemente, Produkte ohne Vorank\u00fcndigung zu \u00e4ndern und zu aktualisieren. Alle diese \u00c4nderungen sind f\u00fcr Internetnutzer verbindlich, die die vorliegenden Allgemeinen Gesch\u00e4ftsbedingungen bei jeder Verbindung konsultieren m\u00fcssen.<br>Statistische Daten zur \u00dcberwachung :<br>Wir verwenden die Verbindungsdaten f\u00fcr unsere Zugriffsstatistiken (Browsertyp, Anzahl der Besucher, besuchte Rubriken...) zur Optimierung unserer Website hinsichtlich der Rubriken und der Navigation, aber diese Informationen werden nicht an Dritte weitergegeben.<\/p><h3 class=\"wp-block-heading\">Die Vervielf\u00e4ltigung auf Papier :<\/h3><p>Mit Ausnahme der Ikonografie ist die Vervielf\u00e4ltigung der Seiten dieser Website auf einem Papiertr\u00e4ger unter Einhaltung der drei folgenden Bedingungen gestattet:<br>- kostenlose Verbreitung.<br>- Einhaltung der Integrit\u00e4t der reproduzierten Dokumente (keine Ver\u00e4nderungen oder Abwandlungen jeglicher Art).<br>- ausdr\u00fcckliche Nennung dieser Seite als Quelle und Hinweis darauf, dass die Vervielf\u00e4ltigungsrechte vorbehalten und streng begrenzt sind.<\/p>","protected":false},"excerpt":{"rendered":"<p>Capital social : \u20ac Si\u00e8ge social : SIRET : IDENTIFIANT TVA : Directeur responsable de la publication &#8211; DPO Responsable du traitement des donn\u00e9es : COORDONN\u00c9ES : Contacts g\u00e9n\u00e9ral, administratif, facturation et technique : COORDONN\u00c9ES : R\u00e9alisation et maintenance du site : Si\u00e8ge social : SIRET : H\u00e9bergeurOVH SAS RCS Roubaix \u2013 Tourcoing 424 761&#8230;<\/p>","protected":false},"author":1,"featured_media":0,"parent":0,"menu_order":0,"comment_status":"closed","ping_status":"closed","template":"","meta":{"_acf_changed":false,"_seopress_robots_primary_cat":"","_seopress_titles_title":"Mentions l\u00e9gales du site Adopte Un Parking","_seopress_titles_desc":"","_seopress_robots_index":"","_kad_blocks_custom_css":"","_kad_blocks_head_custom_js":"","_kad_blocks_body_custom_js":"","_kad_blocks_footer_custom_js":"","_kad_post_transparent":"","_kad_post_title":"","_kad_post_layout":"","_kad_post_sidebar_id":"","_kad_post_content_style":"","_kad_post_vertical_padding":"","_kad_post_feature":"","_kad_post_feature_position":"","_kad_post_header":false,"_kad_post_footer":false,"_kad_post_classname":"","footnotes":""},"class_list":["post-112","page","type-page","status-publish"],"acf":[],"ams_acf":[],"taxonomy_info":[],"featured_image_src_large":false,"author_info":{"display_name":"Kevin - AdopteUnParking","author_link":"https:\/\/www.adopteunparking.com\/de_de\/author\/vivawebkdoussaint"},"comment_info":0,"_links":{"self":[{"href":"https:\/\/www.adopteunparking.com\/de_de\/wp-json\/wp\/v2\/pages\/112","targetHints":{"allow":["GET"]}}],"collection":[{"href":"https:\/\/www.adopteunparking.com\/de_de\/wp-json\/wp\/v2\/pages"}],"about":[{"href":"https:\/\/www.adopteunparking.com\/de_de\/wp-json\/wp\/v2\/types\/page"}],"author":[{"embeddable":true,"href":"https:\/\/www.adopteunparking.com\/de_de\/wp-json\/wp\/v2\/users\/1"}],"replies":[{"embeddable":true,"href":"https:\/\/www.adopteunparking.com\/de_de\/wp-json\/wp\/v2\/comments?post=112"}],"version-history":[{"count":0,"href":"https:\/\/www.adopteunparking.com\/de_de\/wp-json\/wp\/v2\/pages\/112\/revisions"}],"wp:attachment":[{"href":"https:\/\/www.adopteunparking.com\/de_de\/wp-json\/wp\/v2\/media?parent=112"}],"curies":[{"name":"wp","href":"https:\/\/api.w.org\/{rel}","templated":true}]}}