{"id":2652,"date":"2020-09-23T13:48:53","date_gmt":"2020-09-23T11:48:53","guid":{"rendered":"https:\/\/www.adopteunparking.com\/?page_id=2652"},"modified":"2022-09-14T09:23:18","modified_gmt":"2022-09-14T07:23:18","slug":"kontakte","status":"publish","type":"page","link":"https:\/\/www.adopteunparking.com\/de_de\/contacts","title":{"rendered":"Kontakte"},"content":{"rendered":"<p>Vous avez besoin d&rsquo;informations ? N&rsquo;oubliez pas de consulter notre <a href=\"\/faq\">FAQ<\/a> qui explique le fonctionnement g\u00e9n\u00e9ral du <a href=\"\/\">comparateur de parkings <\/a>AdopteUnParking.<\/p><p>Nous mettons un point d\u2019honneur \u00e0 la qualit\u00e9 du service, vous rencontrez un probl\u00e8me lors de votre commande ou lors de votre relation avec un parking ?<\/p><style>.wp-block-kadence-advancedheading.kt-adv-heading_df3c3b-a1, .wp-block-kadence-advancedheading.kt-adv-heading_df3c3b-a1[data-kb-block=\"kb-adv-heading_df3c3b-a1\"]{font-style:normal;}.wp-block-kadence-advancedheading.kt-adv-heading_df3c3b-a1 mark.kt-highlight, .wp-block-kadence-advancedheading.kt-adv-heading_df3c3b-a1[data-kb-block=\"kb-adv-heading_df3c3b-a1\"] mark.kt-highlight{font-style:normal;color:#f76a0c;-webkit-box-decoration-break:clone;box-decoration-break:clone;padding-top:0px;padding-right:0px;padding-bottom:0px;padding-left:0px;}.wp-block-kadence-advancedheading.kt-adv-heading_df3c3b-a1 img.kb-inline-image, .wp-block-kadence-advancedheading.kt-adv-heading_df3c3b-a1[data-kb-block=\"kb-adv-heading_df3c3b-a1\"] img.kb-inline-image{width:150px;vertical-align:baseline;}<\/style>\n<h2 class=\"kt-adv-heading_df3c3b-a1 wp-block-kadence-advancedheading\" data-kb-block=\"kb-adv-heading_df3c3b-a1\">Assistance<\/h2><p><strong>Si vous rencontrez un probl\u00e8me lors de votre commande<\/strong>, ou si vous avez des questions, n&rsquo;h\u00e9sitez pas \u00e0 nous contacter via le formulaire de contacts ci-dessous, une conseill\u00e8re ou un conseiller vous assistera dans votre commande.<\/p><p><strong>Si vous rencontrez un probl\u00e8me durant votre s\u00e9jour <\/strong>que vous estimez devoir signaler, n&rsquo;h\u00e9sitez pas \u00e0 contacter notre assistance, nous souhaitons sans cesse am\u00e9liorer l&rsquo;exp\u00e9rience des utilisateurs de notre service avec les parkings.<\/p><style>.wp-block-kadence-advancedheading.kt-adv-heading_a209f8-9b, .wp-block-kadence-advancedheading.kt-adv-heading_a209f8-9b[data-kb-block=\"kb-adv-heading_a209f8-9b\"]{font-style:normal;}.wp-block-kadence-advancedheading.kt-adv-heading_a209f8-9b mark.kt-highlight, .wp-block-kadence-advancedheading.kt-adv-heading_a209f8-9b[data-kb-block=\"kb-adv-heading_a209f8-9b\"] mark.kt-highlight{font-style:normal;color:#f76a0c;-webkit-box-decoration-break:clone;box-decoration-break:clone;padding-top:0px;padding-right:0px;padding-bottom:0px;padding-left:0px;}.wp-block-kadence-advancedheading.kt-adv-heading_a209f8-9b img.kb-inline-image, .wp-block-kadence-advancedheading.kt-adv-heading_a209f8-9b[data-kb-block=\"kb-adv-heading_a209f8-9b\"] img.kb-inline-image{width:150px;vertical-align:baseline;}<\/style>\n<h2 class=\"kt-adv-heading_a209f8-9b wp-block-kadence-advancedheading\" data-kb-block=\"kb-adv-heading_a209f8-9b\">Coordonn\u00e9es<\/h2><ul>\n<li style=\"text-align: left\"><strong>Horaires assistance voyageurs (clients) <\/strong>: 9h-18h00 - Lun-Ven<\/li>\n<li style=\"text-align: left\"><strong>E-mail assistance voyageurs (clients) <\/strong>: assistance@adopteunparking.com<\/li>\n<li style=\"text-align: left\"><strong>Horaires assistance parkings (professionnels) <\/strong>: 9h-18h00 - Lun-Ven<\/li>\n<li style=\"text-align: left\"><strong>E-mail assistance parkings (professionnels) <\/strong>: support@adopteunparking.com<\/li>\n<\/ul>\n<div class='fluentform ff-default fluentform_wrapper_1 ffs_default_wrap'><form data-form_id=\"1\" id=\"fluentform_1\" class=\"frm-fluent-form fluent_form_1 ff-el-form-top ff_form_instance_1_1 ff-form-loading ffs_default\" data-form_instance=\"ff_form_instance_1_1\" method=\"POST\" ><fieldset  style=\"border: none!important;margin: 0!important;padding: 0!important;background-color: transparent!important;box-shadow: none!important;outline: none!important; min-inline-size: 100%;\">\n                    <legend class=\"ff_screen_reader_title\" style=\"display: block; margin: 0!important;padding: 0!important;height: 0!important;text-indent: -999999px;width: 0!important;overflow:hidden;\">ASSISTANCE VOYAGEUR<\/legend>        <div\n                style=\"display: none!important; position: absolute!important; transform: translateX(1000%)!important;\"\n                class=\"ff-el-group ff-hpsf-container\"\n        >\n            <div class=\"ff-el-input--label asterisk-right\">\n                <label for=\"ff_1_item_sf\" aria-label=\"Newsletter\">\n                    Newsletter                <\/label>\n            <\/div>\n            <div class=\"ff-el-input--content\">\n                <input type=\"text\"\n                       name=\"item_1__fluent_sf\"\n                       class=\"ff-el-form-control\"\n                       id=\"ff_1_item_sf\"\n                \/>\n            <\/div>\n        <\/div>\n        <input type='hidden' name='__fluent_form_embded_post_id' value='2652' \/><input type=\"hidden\" id=\"_fluentform_1_fluentformnonce\" name=\"_fluentform_1_fluentformnonce\" value=\"381349b4d0\" \/><input type=\"hidden\" name=\"_wp_http_referer\" value=\"\/de_de\/wp-json\/wp\/v2\/pages\/2652\" \/><div data-type=\"name-element\" data-name=\"names\" class=\" ff-field_container ff-name-field-wrapper\" ><div class='ff-t-container'><div class='ff-t-cell '><div class='ff-el-group'><div class=\"ff-el-input--label asterisk-right\"><label for='ff_1_names_first_name_' id='label_ff_1_names_first_name_' >Pr\u00e9nom<\/label><\/div><div class='ff-el-input--content'><input type=\"text\" name=\"names[first_name]\" id=\"ff_1_names_first_name_\" class=\"ff-el-form-control\" aria-invalid=\"false\" aria-required=false><\/div><\/div><\/div><div class='ff-t-cell '><div class='ff-el-group'><div class=\"ff-el-input--label asterisk-right\"><label for='ff_1_names_last_name_' id='label_ff_1_names_last_name_' >Nom<\/label><\/div><div class='ff-el-input--content'><input type=\"text\" name=\"names[last_name]\" id=\"ff_1_names_last_name_\" class=\"ff-el-form-control\" aria-invalid=\"false\" aria-required=false><\/div><\/div><\/div><\/div><\/div><div class='ff-el-group'><div class=\"ff-el-input--label ff-el-is-required asterisk-right\"><label for='ff_1_email' id='label_ff_1_email' aria-label=\"Email\">Email<\/label><\/div><div class='ff-el-input--content'><input type=\"email\" name=\"email\" id=\"ff_1_email\" class=\"ff-el-form-control\" data-name=\"email\"  aria-invalid=\"false\" aria-required=true><\/div><\/div><div class='ff-el-group'><div class=\"ff-el-input--label ff-el-is-required asterisk-right\"><label for='ff_1_input_text' id='label_ff_1_input_text' aria-label=\"T\u00e9l\u00e9phone\">T\u00e9l\u00e9phone<\/label><\/div><div class='ff-el-input--content'><input type=\"text\" name=\"input_text\" class=\"ff-el-form-control\" data-name=\"input_text\" id=\"ff_1_input_text\"  aria-invalid=\"false\" aria-required=true><\/div><\/div><div class='ff-el-group'><div class=\"ff-el-input--label ff-el-is-required asterisk-right\"><label for='ff_1_subject' id='label_ff_1_subject' aria-label=\"Sujet\">Sujet<\/label><\/div><div class='ff-el-input--content'><input type=\"text\" name=\"subject\" class=\"ff-el-form-control\" data-name=\"subject\" id=\"ff_1_subject\"  aria-invalid=\"false\" aria-required=true><\/div><\/div><div class='ff-el-group'><div class=\"ff-el-input--label asterisk-right\"><label for='ff_1_subject_1' id='label_ff_1_subject_1' aria-label=\"Merci de pr\u00e9ciser votre num\u00e9ro de commande si disponible\">Merci de pr\u00e9ciser votre num\u00e9ro de commande si disponible<\/label><\/div><div class='ff-el-input--content'><input type=\"text\" name=\"subject_1\" class=\"ff-el-form-control\" data-name=\"subject_1\" id=\"ff_1_subject_1\"  aria-invalid=\"false\" aria-required=false><\/div><\/div><div class='ff-el-group'><div class=\"ff-el-input--label ff-el-is-required asterisk-right\"><label for='ff_1_message' id='label_ff_1_message' aria-label=\"Votre message\">Votre message<\/label><\/div><div class='ff-el-input--content'><textarea aria-required=\"true\" aria-labelledby=\"label_ff_1_message\" name=\"message\" id=\"ff_1_message\" class=\"ff-el-form-control\" placeholder=\"Merci de pr\u00e9ciser votre num\u00e9ro de commande.\" rows=\"4\" cols=\"2\" data-name=\"message\" ><\/textarea><\/div><\/div><div class='ff-el-group    ff-el-input--content'><div class='ff-el-form-check ff-el-tc'><label aria-label='Je consens \u00e0 ce que ce site stocke les informations que j\u2019ai envoy\u00e9es afin de pouvoir r\u00e9pondre \u00e0 ma demande.' class='ff-el-form-check-label ff_tc_label' for=gdpr-agreement_a51786d8c22c79ca40cb91ec3d06b63b><span class='ff_tc_checkbox'><input type=\"checkbox\" name=\"gdpr-agreement\" class=\"ff-el-form-check-input ff_gdpr_field\" data-name=\"gdpr-agreement\" id=\"gdpr-agreement_a51786d8c22c79ca40cb91ec3d06b63b\"  value='on' aria-invalid='false' aria-required=true><\/span> <div class='ff_t_c'>Je consens \u00e0 ce que ce site stocke les informations que j\u2019ai envoy\u00e9es afin de pouvoir r\u00e9pondre \u00e0 ma demande.<\/div><\/label><\/div><\/div><div class='ff-el-group ff-text-left ff_submit_btn_wrapper'><button type=\"submit\" class=\"ff-btn ff-btn-submit ff-btn-lg ff_btn_no_style\"  aria-label=\"Envoyer\">Envoyer<\/button><\/div><\/fieldset><\/form><div id='fluentform_1_errors' class='ff-errors-in-stack ff_form_instance_1_1 ff-form-loading_errors ff_form_instance_1_1_errors'><\/div><\/div>            <script type=\"text\/javascript\">\n                window.fluent_form_ff_form_instance_1_1 = {\"id\":\"1\",\"ajaxUrl\":\"https:\\\/\\\/www.adopteunparking.com\\\/wp-admin\\\/admin-ajax.php\",\"settings\":{\"layout\":{\"labelPlacement\":\"top\",\"helpMessagePlacement\":\"with_label\",\"errorMessagePlacement\":\"inline\",\"cssClassName\":\"\",\"asteriskPlacement\":\"asterisk-right\"},\"restrictions\":{\"denyEmptySubmission\":{\"enabled\":false}}},\"form_instance\":\"ff_form_instance_1_1\",\"form_id_selector\":\"fluentform_1\",\"rules\":{\"names[first_name]\":{\"required\":{\"value\":false,\"message\":\"This field is required\"}},\"names[middle_name]\":{\"required\":{\"value\":false,\"message\":\"This field is required\"}},\"names[last_name]\":{\"required\":{\"value\":false,\"message\":\"This field is required\"}},\"email\":{\"required\":{\"value\":true,\"message\":\"Ce champs est requis\"},\"email\":{\"value\":true,\"message\":\"This field must contain a valid email\"}},\"input_text\":{\"required\":{\"value\":true,\"message\":\"Ce champ est obligatoire\"}},\"subject\":{\"required\":{\"value\":true,\"message\":\"Ce champs est requis\"}},\"subject_1\":{\"required\":{\"value\":false,\"message\":\"Ce champs est requis\"}},\"message\":{\"required\":{\"value\":true,\"message\":\"Ce champs est requis\"}},\"gdpr-agreement\":{\"required\":{\"value\":true,\"message\":\"Ce champ est obligatoire\"}}},\"debounce_time\":300};\n                            <\/script>\n            <p><\/p><style>.wp-block-kadence-advancedheading.kt-adv-heading_8e75b0-0f, .wp-block-kadence-advancedheading.kt-adv-heading_8e75b0-0f[data-kb-block=\"kb-adv-heading_8e75b0-0f\"]{font-style:normal;}.wp-block-kadence-advancedheading.kt-adv-heading_8e75b0-0f mark.kt-highlight, .wp-block-kadence-advancedheading.kt-adv-heading_8e75b0-0f[data-kb-block=\"kb-adv-heading_8e75b0-0f\"] mark.kt-highlight{font-style:normal;color:#f76a0c;-webkit-box-decoration-break:clone;box-decoration-break:clone;padding-top:0px;padding-right:0px;padding-bottom:0px;padding-left:0px;}.wp-block-kadence-advancedheading.kt-adv-heading_8e75b0-0f img.kb-inline-image, .wp-block-kadence-advancedheading.kt-adv-heading_8e75b0-0f[data-kb-block=\"kb-adv-heading_8e75b0-0f\"] img.kb-inline-image{width:150px;vertical-align:baseline;}<\/style>\n<h2 class=\"kt-adv-heading_8e75b0-0f wp-block-kadence-advancedheading\" data-kb-block=\"kb-adv-heading_8e75b0-0f\">Des \u00e9quipes d\u00e9di\u00e9es<\/h2><p>Nos \u00e9quipes sont \u00e0 votre disposition pour toute assistance, si vous \u00eates un parking, merci de bien vous assurer de contacter le support technique d\u00e9di\u00e9 aux professionnels.<\/p><style>.wp-block-kadence-advancedheading.kt-adv-heading_bbcb38-d7, .wp-block-kadence-advancedheading.kt-adv-heading_bbcb38-d7[data-kb-block=\"kb-adv-heading_bbcb38-d7\"]{font-style:normal;}.wp-block-kadence-advancedheading.kt-adv-heading_bbcb38-d7 mark.kt-highlight, .wp-block-kadence-advancedheading.kt-adv-heading_bbcb38-d7[data-kb-block=\"kb-adv-heading_bbcb38-d7\"] mark.kt-highlight{font-style:normal;color:#f76a0c;-webkit-box-decoration-break:clone;box-decoration-break:clone;padding-top:0px;padding-right:0px;padding-bottom:0px;padding-left:0px;}.wp-block-kadence-advancedheading.kt-adv-heading_bbcb38-d7 img.kb-inline-image, .wp-block-kadence-advancedheading.kt-adv-heading_bbcb38-d7[data-kb-block=\"kb-adv-heading_bbcb38-d7\"] img.kb-inline-image{width:150px;vertical-align:baseline;}<\/style>\n<h2 class=\"kt-adv-heading_bbcb38-d7 wp-block-kadence-advancedheading\" data-kb-block=\"kb-adv-heading_bbcb38-d7\">Pour votre visite sur notre site<\/h2><p>Nos conseillers seront \u00e0 m\u00eame de vous accompagner pour tout probl\u00e8me li\u00e9 \u00e0 une commande pass\u00e9e, par exemple si vous ne trouvez plus votre facture ou si vous souhaitez modifier les dates de votre r\u00e9servation, si vous rencontrez un quelconque probl\u00e8me avec le parking, nous vous contacterons par t\u00e9l\u00e9phone et traiterons le probl\u00e8me avec le plus grand s\u00e9rieux et la plus grande urgence. Notre volont\u00e9 est de vous offrir la meilleure exp\u00e9rience sur notre site, mais \u00e9galement avec les partenaires s\u00e9lectionn\u00e9s et chez qui vous d\u00e9poserez votre v\u00e9hicule.<\/p><style>.wp-block-kadence-advancedheading.kt-adv-heading_4a3d10-76, .wp-block-kadence-advancedheading.kt-adv-heading_4a3d10-76[data-kb-block=\"kb-adv-heading_4a3d10-76\"]{font-style:normal;}.wp-block-kadence-advancedheading.kt-adv-heading_4a3d10-76 mark.kt-highlight, .wp-block-kadence-advancedheading.kt-adv-heading_4a3d10-76[data-kb-block=\"kb-adv-heading_4a3d10-76\"] mark.kt-highlight{font-style:normal;color:#f76a0c;-webkit-box-decoration-break:clone;box-decoration-break:clone;padding-top:0px;padding-right:0px;padding-bottom:0px;padding-left:0px;}.wp-block-kadence-advancedheading.kt-adv-heading_4a3d10-76 img.kb-inline-image, .wp-block-kadence-advancedheading.kt-adv-heading_4a3d10-76[data-kb-block=\"kb-adv-heading_4a3d10-76\"] img.kb-inline-image{width:150px;vertical-align:baseline;}<\/style>\n<h2 class=\"kt-adv-heading_4a3d10-76 wp-block-kadence-advancedheading\" data-kb-block=\"kb-adv-heading_4a3d10-76\">Mais aussi pour votre relation avec les parkings<\/h2><p>Notre \u00e9quipe est donc d\u00e9di\u00e9e \u00e0 l&rsquo;ergonomie de notre site, pour vous permettre une exp\u00e9rience web des plus agr\u00e9ables et la plus efficace possible, mais elle est \u00e9galement d\u00e9di\u00e9e \u00e0 l&rsquo;accompagnement client pour que votre prestation se passe dans les meilleures conditions, comme nous le pr\u00e9cisons un peu partout sur notre site, nous avons pour volont\u00e9 de vous proposer \u00ab\u00a0Le meilleur parking, au meilleur prix !\u00a0\u00bb. <\/p><p>Notre \u00e9quipe est \u00e9galement disponible dans le cas o\u00f9 vous rencontreriez des difficult\u00e9s pour commander sur notre site.<\/p><ul>\n<li style=\"text-align: left\"><strong>Horaires assistance voyageurs (clients) <\/strong>: 9h-18h00 - Lun-Ven<\/li>\n<li style=\"text-align: left\"><strong>E-mail assistance voyageurs (clients) <\/strong>: assistance@adopteunparking.com<\/li>\n<li style=\"text-align: left\"><strong>Horaires assistance parkings (professionnels) <\/strong>: 9h-18h00 - Lun-Ven<\/li>\n<li style=\"text-align: left\"><strong>E-mail assistance parkings (professionnels) <\/strong>: support@adopteunparking.com<\/li>\n<\/ul>\n<p><\/p><p>N&rsquo;oubliez pas de consulter notre FAQ qui peut r\u00e9pondre \u00e0 un grand nombre de vos questions : <a href=\"https:\/\/www.adopteunparking.com\/faq\">FAQ AdopteUnParking<\/a><\/p>","protected":false},"excerpt":{"rendered":"<p>Vous avez besoin d&rsquo;informations ? N&rsquo;oubliez pas de consulter notre FAQ qui explique le fonctionnement g\u00e9n\u00e9ral du comparateur de parkings AdopteUnParking. Nous mettons un point d\u2019honneur \u00e0 la qualit\u00e9 du service, vous rencontrez un probl\u00e8me lors de votre commande ou lors de votre relation avec un parking ? Assistance Si vous rencontrez un probl\u00e8me lors&#8230;<\/p>","protected":false},"author":1,"featured_media":0,"parent":0,"menu_order":0,"comment_status":"closed","ping_status":"closed","template":"","meta":{"_acf_changed":false,"_seopress_robots_primary_cat":"","_seopress_titles_title":"Contacts du site AdopteUnParking","_seopress_titles_desc":"Besoin d&#039;aide ? Contacts et assistance AdopteUnParking, contacts d\u00e9di\u00e9s pour les voyageurs et les parkings.","_seopress_robots_index":"","_kad_blocks_custom_css":"","_kad_blocks_head_custom_js":"","_kad_blocks_body_custom_js":"","_kad_blocks_footer_custom_js":"","_kad_post_transparent":"","_kad_post_title":"","_kad_post_layout":"normal","_kad_post_sidebar_id":"","_kad_post_content_style":"","_kad_post_vertical_padding":"","_kad_post_feature":"","_kad_post_feature_position":"","_kad_post_header":false,"_kad_post_footer":false,"_kad_post_classname":"","footnotes":""},"class_list":["post-2652","page","type-page","status-publish"],"acf":[],"ams_acf":[],"taxonomy_info":[],"featured_image_src_large":false,"author_info":{"display_name":"Kevin - AdopteUnParking","author_link":"https:\/\/www.adopteunparking.com\/de_de\/author\/vivawebkdoussaint"},"comment_info":0,"_links":{"self":[{"href":"https:\/\/www.adopteunparking.com\/de_de\/wp-json\/wp\/v2\/pages\/2652","targetHints":{"allow":["GET"]}}],"collection":[{"href":"https:\/\/www.adopteunparking.com\/de_de\/wp-json\/wp\/v2\/pages"}],"about":[{"href":"https:\/\/www.adopteunparking.com\/de_de\/wp-json\/wp\/v2\/types\/page"}],"author":[{"embeddable":true,"href":"https:\/\/www.adopteunparking.com\/de_de\/wp-json\/wp\/v2\/users\/1"}],"replies":[{"embeddable":true,"href":"https:\/\/www.adopteunparking.com\/de_de\/wp-json\/wp\/v2\/comments?post=2652"}],"version-history":[{"count":0,"href":"https:\/\/www.adopteunparking.com\/de_de\/wp-json\/wp\/v2\/pages\/2652\/revisions"}],"wp:attachment":[{"href":"https:\/\/www.adopteunparking.com\/de_de\/wp-json\/wp\/v2\/media?parent=2652"}],"curies":[{"name":"wp","href":"https:\/\/api.w.org\/{rel}","templated":true}]}}