{"id":3,"date":"2019-08-14T09:36:17","date_gmt":"2019-08-14T07:36:17","guid":{"rendered":"https:\/\/template-mini-sites.solution-park.net\/?page_id=3"},"modified":"2022-11-04T09:33:33","modified_gmt":"2022-11-04T08:33:33","slug":"datenschutzrichtlinie","status":"publish","type":"page","link":"https:\/\/www.adopteunparking.com\/de_de\/politique-de-confidentialite","title":{"rendered":"Datenschutzrichtlinie"},"content":{"rendered":"<h2 class=\"wp-block-heading\">1.Sammeln von Informationen<\/h2><p>Wir sammeln Informationen, wenn Sie sich auf unserer Website registrieren, sich in Ihr Konto einloggen, einen Kauf t\u00e4tigen, an einem Wettbewerb teilnehmen und \/ oder sich ausloggen. Zu den gesammelten Informationen geh\u00f6ren Ihr Name, Ihre E-Mail-Adresse, Telefonnummer und \/ oder Kreditkarte (im Falle eines direkten Kaufs auf unserer Seite).<\/p><p>Dar\u00fcber hinaus erhalten und speichern wir zu statistischen Zwecken, um die Nutzung unserer Website besser zu verstehen, automatisch Informationen von Ihrem Computer und Browser, z. B. die Seite, die Sie anfordern. Um Ihre Privatsph\u00e4re zu sch\u00fctzen, verwenden wir Matomo \/ Piwik und anonymisierte Statistiken, allerdings k\u00f6nnen Sie sich am Ende dieser Seite gegen die Zusendung von Statistiken entscheiden.<\/p><h2 class=\"wp-block-heading\">2. Verwendung der Informationen<\/h2><p>Alle Informationen, die wir von Ihnen sammeln, k\u00f6nnen zu folgenden Zwecken verwendet werden:<\/p><p>Ihre Erfahrung personalisieren und auf Ihre individuellen Bed\u00fcrfnisse eingehen<br>Bereitstellung von personalisierten Werbeinhalten<br>Unsere Website zu verbessern<br>Verbesserung des Kundenservice und Ihrer Betreuungsbed\u00fcrfnisse<br>Sie per E-Mail kontaktieren<br>Einen Wettbewerb, eine Bef\u00f6rderung oder eine Umfrage verwalten<\/p><h2 class=\"wp-block-heading\">3. Datenschutz im Fall des Online-Handels<\/h2><p>Wir sind die alleinigen Eigent\u00fcmer der auf dieser Website gesammelten Informationen. Ihre pers\u00f6nlichen Informationen werden nicht verkauft, ausgetauscht, \u00fcbertragen oder aus irgendeinem Grund ohne Ihre Zustimmung an ein anderes Unternehmen weitergegeben, es sei denn, dies ist notwendig, um eine Anfrage zu beantworten und\/oder eine Transaktion durchzuf\u00fchren, z. B. um eine Bestellung zu versenden.<\/p><h2 class=\"wp-block-heading\">4. Offenlegung gegen\u00fcber Dritten<\/h2><p>Wir verkaufen, tauschen oder \u00fcbertragen Ihre pers\u00f6nlich identifizierbaren Informationen nicht an Dritte. Dies gilt nicht f\u00fcr vertrauensw\u00fcrdige Dritte, die uns beim Betrieb unserer Website oder bei der Durchf\u00fchrung unserer Gesch\u00e4fte unterst\u00fctzen, solange diese Parteien sich darauf einigen, diese Informationen vertraulich zu behandeln.<\/p><p>Wir halten es f\u00fcr notwendig, Informationen weiterzugeben, um illegale Aktivit\u00e4ten, mutma\u00dflichen Betrug, Situationen mit potenziellen Bedrohungen der physischen Sicherheit einer Person, Verst\u00f6\u00dfe gegen unsere Nutzungsbedingungen zu untersuchen, zu verhindern oder Ma\u00dfnahmen zu ergreifen, oder wenn wir gesetzlich dazu verpflichtet sind.<\/p><p>Nicht-private Informationen k\u00f6nnen jedoch anderen Parteien zu Marketing-, Werbe- oder anderen Zwecken zur Verf\u00fcgung gestellt werden.<\/p><h2 class=\"wp-block-heading\">5. Schutz von Informationen<\/h2><p>Wir setzen eine Vielzahl von Sicherheitsma\u00dfnahmen ein, um die Sicherheit Ihrer pers\u00f6nlichen Informationen zu wahren. Wir verwenden eine hochmoderne Verschl\u00fcsselung, um sensible Informationen zu sch\u00fctzen, die online \u00fcbertragen werden. Wir sch\u00fctzen Ihre Informationen auch offline. Nur Mitarbeiter, die eine bestimmte Arbeit ausf\u00fchren m\u00fcssen (z. B. Rechnungsstellung oder Kundenservice), haben Zugang zu pers\u00f6nlich identifizierbaren Informationen. Die Computer und Server, die zum Speichern von pers\u00f6nlich identifizierbaren Informationen verwendet werden, werden in einer sicheren Umgebung aufbewahrt.<\/p><h3 class=\"wp-block-heading\">Verwenden wir Cookies?<\/h3><p>Ja. Unsere Cookies verbessern den Zugang zu unserer Website und identifizieren wiederkehrende Besucher. Dar\u00fcber hinaus verbessern unsere Cookies die Nutzererfahrung durch die Verfolgung und Ausrichtung auf die Interessen des Nutzers. Diese Verwendung von Cookies ist jedoch in keiner Weise mit pers\u00f6nlich identifizierbaren Informationen auf unserer Seite verbunden.<\/p><p>Einrichten Ihrer Cookie-Einstellungen<br>Sie k\u00f6nnen das Ablegen von Cookies jederzeit akzeptieren oder ablehnen.<\/p><h3 class=\"wp-block-heading\">a. Cookies, die von der Zustimmung befreit sind<\/h3><p>Gem\u00e4\u00df den Empfehlungen der Commission Nationale de l'Informatique et des Libert\u00e9s (CNIL) sind bestimmte Cookies von der vorherigen Einholung Ihrer Zustimmung befreit, da sie f\u00fcr den Betrieb der Website unbedingt erforderlich sind oder ausschlie\u00dflich dazu dienen, die Kommunikation auf elektronischem Wege zu erm\u00f6glichen oder zu erleichtern. Dazu geh\u00f6ren Cookies zur Sitzungskennung, zur Authentifizierung, zur Lastverteilungssitzung und zur Personalisierung Ihrer Benutzeroberfl\u00e4che. Diese Cookies unterliegen in vollem Umfang dieser Richtlinie.<\/p><h3 class=\"wp-block-heading\">b. Cookies, die eine vorherige Einholung Ihrer Zustimmung erfordern<\/h3><p>Diese Anforderung betrifft Cookies, die von Dritten ausgegeben werden und als \"persistent\" bezeichnet werden, da sie in Ihrem Endger\u00e4t verbleiben, bis sie gel\u00f6scht werden oder ihr Ablaufdatum erreicht ist.<br>Da solche Cookies von Dritten ausgegeben werden, unterliegen ihre Verwendung und Hinterlegung deren eigenen Datenschutzrichtlinien, zu denen Sie unten einen Link finden. Diese Cookie-Familie umfasst Cookies zur Messung der Besucherzahlen (insbesondere PIWIK), Werbe-Cookies (die wir nicht verwenden) sowie Cookies zum Teilen von sozialen Netzwerken (insbesondere von Facebook, YouTube, Twitter und LinkedIn).<br>Cookies zur Messung der Besucherzahlen erstellen Statistiken \u00fcber den Besuch und die Nutzung verschiedener Elemente der Website (z. B. die Inhalte\/Seiten, die Sie besucht haben). Diese Daten tragen dazu bei, die Benutzerfreundlichkeit der Website zu verbessern. Auf dieser Website wird ein Webanalyse-Tool verwendet:<br>o PIWIK, dessen Datenschutzrichtlinie (nur auf Englisch) unter folgendem Link abrufbar ist: https:\/\/piwik.org\/privacy-policy\/<br>Cookies zum Teilen sozialer Netzwerke werden vom Herausgeber des jeweiligen sozialen Netzwerks ausgegeben und verwaltet. Vorbehaltlich Ihrer Zustimmung erm\u00f6glichen Ihnen diese Cookies, einen Teil der auf der Website ver\u00f6ffentlichten Inhalte auf einfache Weise zu teilen, insbesondere \u00fcber eine \"Schaltfl\u00e4che\" des jeweiligen sozialen Netzwerks. Auf der Website sind vier Arten von Cookies f\u00fcr soziale Netzwerke vorhanden:<br>o Facebook, dessen Cookie-Richtlinie du unter folgendem Link einsehen kannst: https:\/\/fr-fr.facebook.com\/policies\/cookies\/<br>o LinkedIn, dessen Cookie-Richtlinie Sie unter folgendem Link finden: https:\/\/www.linkedin.com\/legal\/cookie-policy?_l=fr_FR<br>o Twitter, wo Sie die Optionen zur Kontrolle oder Einschr\u00e4nkung der Verwendung von Cookies sowie die Richtlinien zur Verwendung von Cookies finden: https:\/\/support.twitter.com\/articles\/20170518#<br>o YouTube, von dem Sie die notwendige Hilfe zum L\u00f6schen von Cookies \u00fcber den Google Chrome-Browser unter folgendem Link finden: https:\/\/support.google.com\/youtube\/answer\/32050?hl=fr , aber auch die vollst\u00e4ndige Cookie-Richtlinie unter folgendem Link: https:\/\/www.google.fr\/intl\/fr\/policies\/technologies\/cookies\/<\/p><h3 class=\"wp-block-heading\">c. Sie verf\u00fcgen \u00fcber verschiedene Tools zur Einstellung von Cookies<\/h3><p>Die meisten Internetbrowser sind standardm\u00e4\u00dfig so eingestellt, dass das Ablegen von Cookies erlaubt ist. Ihr Browser bietet Ihnen die M\u00f6glichkeit, diese Standardeinstellungen so zu \u00e4ndern, dass immer alle Cookies abgelehnt werden oder dass nur ein Teil der Cookies akzeptiert oder abgelehnt wird, je nachdem, von wem sie stammen.<br>ACHTUNG: Wir weisen Sie darauf hin, dass die Verweigerung der Ablage von Cookies auf Ihrem Endger\u00e4t dennoch Ihre Benutzererfahrung sowie Ihren Zugang zu bestimmten Diensten oder Funktionen dieser Website beeintr\u00e4chtigen kann. Gegebenenfalls lehnen wir jede Verantwortung f\u00fcr die Folgen ab, die sich aus der Verschlechterung Ihrer Navigationsbedingungen ergeben, die aufgrund Ihrer Entscheidung, die f\u00fcr den Betrieb der Website erforderlichen Cookies abzulehnen, zu l\u00f6schen oder zu blockieren, eintreten. Diese Folgen stellen keinen Schaden dar und Sie haben keinen Anspruch auf eine Entsch\u00e4digung aus diesem Grund.<br>Ihr Browser erm\u00f6glicht es Ihnen auch, die auf Ihrem Terminal vorhandenen Cookies zu l\u00f6schen oder Sie darauf hinzuweisen, wenn neue Cookies auf Ihrem Terminal abgelegt werden k\u00f6nnten. Diese Einstellungen wirken sich nicht auf Ihre Navigation aus, aber Sie verlieren alle Vorteile, die der Cookie mit sich bringt.<br>Bitte lesen Sie unten die zahlreichen Tools, die Ihnen zur Verf\u00fcgung gestellt werden, damit Sie die auf Ihrem Endger\u00e4t abgelegten Cookies einstellen k\u00f6nnen.<\/p><h3 class=\"wp-block-heading\">d. Die Einstellung Ihres Internetbrowsers<\/h3><p>Jeder Internetbrowser bietet eigene Einstellungen f\u00fcr die Verwaltung von Cookies. Um zu erfahren, wie Sie Ihre Cookie-Einstellungen \u00e4ndern k\u00f6nnen, finden Sie unten die Links zur Hilfe, die Sie ben\u00f6tigen, um das daf\u00fcr vorgesehene Men\u00fc Ihres Browsers aufzurufen:<br>Chrom: www.support.google.com\/chrome\/answer\/95647?hl=fr<br>Firefox: www.support.mozilla.org\/fr\/kb\/autoriser-bloquer-cookies-preferences-sites?redirectlocale=fr&amp;redirectslug=activer-desactiver-cookies<br>Internet Explorer: www.support.microsoft.com\/fr-fr\/help\/17442\/windows-internet-explorer-delete-manage-cookies#ie=ie-11<br>Opera: www.help.opera.com\/Windows\/10.20\/fr\/cookies.html<br><br>Weitere Informationen \u00fcber Tools zur Kontrolle von Cookies finden Sie auf der Website der CNIL: www.cnil.fr\/fr\/cookies-les-outils-pour-les-maitriser.<\/p><h2 class=\"wp-block-heading\">6. Sich abmelden<\/h2><p>Wir verwenden die von Ihnen angegebene E-Mail-Adresse, um Ihnen Informationen und Updates oder Informationen zu Ihrer Bestellung, gelegentlich Neuigkeiten, allgemeine oder wichtige Informationen zu senden. Wenn Sie sich zu irgendeinem Zeitpunkt abmelden und keine weiteren E-Mails mehr erhalten m\u00f6chten, finden Sie am Ende jeder E-Mail eine ausf\u00fchrliche Anleitung zur Abmeldung.<\/p><h2 class=\"wp-block-heading\">7. Zustimmung<\/h2><p>Durch die Nutzung unserer Website stimmen Sie unserer Datenschutzrichtlinie zu.<\/p><hr class=\"wp-block-separator has-css-opacity\"\/><p>Liste der verwendeten Werkzeuge :<br>Matomo (statistische Analysen)<br>Joomla und m\u00f6gliche Komponenten\/Plugins (Details auf Anfrage)<br>WordPress und eventuelle Plugins (Details auf Anfrage)<br>Prestashop und eventuelle Module (Details auf Anfrage)<br>ANBIETER, DIE ZUGANG ZUR DATENVERARBEITUNG HABEN :<br>- VivaWeb - Agentur f\u00fcr Webkommunikation - www.vivaweb.fr - 81100 CASTRES<br>- SAS Solution Park - 44 rue Montm\u00e9jean 33100 BORDEAUX<br>Bei Bedarf, um Zugang zu Ihren Daten zu verlangen oder diese zu l\u00f6schen :<br>Bitte senden Sie eine E-Mail an <a href=\"mailto:rgpd@adopteunparking.com\">rgpd@vivaweb.fr<\/a> unter Beif\u00fcgung eines Nachweises Ihrer Identit\u00e4t, der Elemente und Informationen, die Sie einsehen oder l\u00f6schen m\u00f6chten und die notwendig sind, um Sie zu identifizieren (IP-Adresse etc.).<\/p><hr class=\"wp-block-separator has-css-opacity\"\/><h2 class=\"wp-block-heading\">M\u00f6chten Sie aus unseren Statistiken ausgeschlossen werden?<\/h2><p><iframe style=\"border: 0; height: 200px; widtha: 600px;\" src=\"https:\/\/statistiques.solution-park.net\/index.php?module=CoreAdminHome&amp;action=optOut&amp;language=fr&amp;backgroundColor=&amp;fontColor=&amp;fontSize=16px&amp;fontFamily=arial\" data-mce-fragment=\"1\"><\/iframe><\/p>","protected":false},"excerpt":{"rendered":"<p>1.Collecte de l\u2019information Nous recueillons des informations lorsque vous vous inscrivez sur notre site, lorsque vous vous connectez \u00e0 votre compte, faites un achat, participez \u00e0 un concours, et \/ ou lorsque vous vous d\u00e9connectez. Les informations recueillies incluent votre nom, votre adresse e-mail, num\u00e9ro de t\u00e9l\u00e9phone, et \/ ou carte de cr\u00e9dit (dans le&#8230;<\/p>","protected":false},"author":1,"featured_media":0,"parent":0,"menu_order":0,"comment_status":"closed","ping_status":"closed","template":"","meta":{"_acf_changed":false,"_seopress_robots_primary_cat":"","_seopress_titles_title":"Politique de confidentialit\u00e9 | AdopteUnParking.com","_seopress_titles_desc":"Politique de confidentialit\u00e9 du site AdopteUnParking.com, tous les usages marketings mis en place (respectueux de la vie priv\u00e9e bien entendu).","_seopress_robots_index":"","_kad_blocks_custom_css":"","_kad_blocks_head_custom_js":"","_kad_blocks_body_custom_js":"","_kad_blocks_footer_custom_js":"","_kad_post_transparent":"","_kad_post_title":"","_kad_post_layout":"","_kad_post_sidebar_id":"","_kad_post_content_style":"","_kad_post_vertical_padding":"","_kad_post_feature":"","_kad_post_feature_position":"","_kad_post_header":false,"_kad_post_footer":false,"_kad_post_classname":"","footnotes":""},"class_list":["post-3","page","type-page","status-publish"],"acf":[],"ams_acf":[],"taxonomy_info":[],"featured_image_src_large":false,"author_info":{"display_name":"Kevin - AdopteUnParking","author_link":"https:\/\/www.adopteunparking.com\/de_de\/author\/vivawebkdoussaint"},"comment_info":0,"_links":{"self":[{"href":"https:\/\/www.adopteunparking.com\/de_de\/wp-json\/wp\/v2\/pages\/3","targetHints":{"allow":["GET"]}}],"collection":[{"href":"https:\/\/www.adopteunparking.com\/de_de\/wp-json\/wp\/v2\/pages"}],"about":[{"href":"https:\/\/www.adopteunparking.com\/de_de\/wp-json\/wp\/v2\/types\/page"}],"author":[{"embeddable":true,"href":"https:\/\/www.adopteunparking.com\/de_de\/wp-json\/wp\/v2\/users\/1"}],"replies":[{"embeddable":true,"href":"https:\/\/www.adopteunparking.com\/de_de\/wp-json\/wp\/v2\/comments?post=3"}],"version-history":[{"count":0,"href":"https:\/\/www.adopteunparking.com\/de_de\/wp-json\/wp\/v2\/pages\/3\/revisions"}],"wp:attachment":[{"href":"https:\/\/www.adopteunparking.com\/de_de\/wp-json\/wp\/v2\/media?parent=3"}],"curies":[{"name":"wp","href":"https:\/\/api.w.org\/{rel}","templated":true}]}}