{"id":45,"date":"2019-08-14T12:29:50","date_gmt":"2019-08-14T10:29:50","guid":{"rendered":"https:\/\/template-mini-sites.solution-park.net\/panier\/"},"modified":"2024-04-03T14:34:24","modified_gmt":"2024-04-03T12:34:24","slug":"basket","status":"publish","type":"page","link":"https:\/\/www.adopteunparking.com\/en_gb\/panier","title":{"rendered":"Basket"},"content":{"rendered":"<style>.wp-block-kadence-advancedheading.kt-adv-heading45_2abb2b-4e, .wp-block-kadence-advancedheading.kt-adv-heading45_2abb2b-4e[data-kb-block=\"kb-adv-heading45_2abb2b-4e\"]{font-style:normal;}.wp-block-kadence-advancedheading.kt-adv-heading45_2abb2b-4e mark.kt-highlight, .wp-block-kadence-advancedheading.kt-adv-heading45_2abb2b-4e[data-kb-block=\"kb-adv-heading45_2abb2b-4e\"] mark.kt-highlight{font-style:normal;color:#f76a0c;-webkit-box-decoration-break:clone;box-decoration-break:clone;padding-top:0px;padding-right:0px;padding-bottom:0px;padding-left:0px;}.wp-block-kadence-advancedheading.kt-adv-heading45_2abb2b-4e img.kb-inline-image, .wp-block-kadence-advancedheading.kt-adv-heading45_2abb2b-4e[data-kb-block=\"kb-adv-heading45_2abb2b-4e\"] img.kb-inline-image{width:150px;vertical-align:baseline;}<\/style>\n<h1 class=\"kt-adv-heading45_2abb2b-4e wp-block-kadence-advancedheading\" data-kb-block=\"kb-adv-heading45_2abb2b-4e\">Votre panier<\/h1>","protected":false},"excerpt":{"rendered":"<p>Your basket<\/p>","protected":false},"author":1,"featured_media":0,"parent":0,"menu_order":0,"comment_status":"closed","ping_status":"closed","template":"","meta":{"_acf_changed":false,"_seopress_robots_primary_cat":"","_seopress_titles_title":"Votre panier de r\u00e9servation | AdopteUnParking.com","_seopress_titles_desc":"Votre panier : ce panier contient toutes vos r\u00e9servations, une derni\u00e8re v\u00e9rification et vous pouvez valider votre commande.","_seopress_robots_index":"yes","_kad_blocks_custom_css":"","_kad_blocks_head_custom_js":"","_kad_blocks_body_custom_js":"","_kad_blocks_footer_custom_js":"","_kad_post_transparent":"disable","_kad_post_title":"hide","_kad_post_layout":"","_kad_post_sidebar_id":"","_kad_post_content_style":"","_kad_post_vertical_padding":"","_kad_post_feature":"","_kad_post_feature_position":"","_kad_post_header":false,"_kad_post_footer":true,"_kad_post_classname":"","footnotes":""},"class_list":["post-45","page","type-page","status-publish"],"acf":[],"ams_acf":[],"taxonomy_info":[],"featured_image_src_large":false,"author_info":{"display_name":"Kevin - AdopteUnParking","author_link":"https:\/\/www.adopteunparking.com\/en_gb\/author\/vivawebkdoussaint"},"comment_info":0,"_links":{"self":[{"href":"https:\/\/www.adopteunparking.com\/en_gb\/wp-json\/wp\/v2\/pages\/45","targetHints":{"allow":["GET"]}}],"collection":[{"href":"https:\/\/www.adopteunparking.com\/en_gb\/wp-json\/wp\/v2\/pages"}],"about":[{"href":"https:\/\/www.adopteunparking.com\/en_gb\/wp-json\/wp\/v2\/types\/page"}],"author":[{"embeddable":true,"href":"https:\/\/www.adopteunparking.com\/en_gb\/wp-json\/wp\/v2\/users\/1"}],"replies":[{"embeddable":true,"href":"https:\/\/www.adopteunparking.com\/en_gb\/wp-json\/wp\/v2\/comments?post=45"}],"version-history":[{"count":0,"href":"https:\/\/www.adopteunparking.com\/en_gb\/wp-json\/wp\/v2\/pages\/45\/revisions"}],"wp:attachment":[{"href":"https:\/\/www.adopteunparking.com\/en_gb\/wp-json\/wp\/v2\/media?parent=45"}],"curies":[{"name":"wp","href":"https:\/\/api.w.org\/{rel}","templated":true}]}}