{"id":6063,"date":"2022-05-10T14:52:53","date_gmt":"2022-05-10T12:52:53","guid":{"rendered":"https:\/\/www.adopteunparking.com\/?page_id=6063"},"modified":"2022-06-29T17:56:49","modified_gmt":"2022-06-29T15:56:49","slug":"parking-registration-on-our-reservation-platform","status":"publish","type":"page","link":"https:\/\/www.adopteunparking.com\/en_gb\/inscription-parking-sur-notre-plateforme-de-reservation","title":{"rendered":"Register your car park on our reservation platform"},"content":{"rendered":"<h2 class=\"wp-block-heading\">Inscription<\/h2><p>L&rsquo;ajout de votre parking sur notre site de r\u00e9servation se fait <strong>en quelques minutes<\/strong>, toutefois <strong>nous sommes tr\u00e8s attentifs \u00e0 la qualit\u00e9 des parkings<\/strong> que nous proposons sur notre plateforme de recherche de parkings et <strong>les informations seront toutes v\u00e9rifi\u00e9es avant validation de votre dossier<\/strong>.<\/p><p>Nous souhaitons proposer aux voyageurs une s\u00e9lection de parkings dont la prestation est de qualit\u00e9, nous avons pour but d&rsquo;\u00e9tablir une relation de confiance entre les voyageurs et nos partenaires parkings, c&rsquo;est pour cela que nous sommes extr\u00eamement attentifs \u00e0 la qualit\u00e9 et au s\u00e9rieux des parkings que nous pr\u00e9sentons sur notre plateforme de r\u00e9servation.<\/p><style>#kt-layout-id_677619-94 > .kt-row-column-wrap{align-content:start;}:where(#kt-layout-id_677619-94 > .kt-row-column-wrap) > .wp-block-kadence-column{justify-content:start;}#kt-layout-id_677619-94 > .kt-row-column-wrap{column-gap:var(--global-kb-gap-md, 2rem);row-gap:var(--global-kb-gap-md, 2rem);padding-top:var( --global-kb-row-default-top, 25px );padding-bottom:var( --global-kb-row-default-bottom, 25px );padding-top:var(--global-kb-spacing-sm, 1.5rem);padding-bottom:var(--global-kb-spacing-sm, 1.5rem);grid-template-columns:minmax(0, 1fr);}#kt-layout-id_677619-94 > .kt-row-layout-overlay{opacity:0.30;}@media all and (max-width: 1024px){#kt-layout-id_677619-94 > .kt-row-column-wrap{grid-template-columns:minmax(0, 1fr);}}@media all and (max-width: 767px){#kt-layout-id_677619-94 > .kt-row-column-wrap{grid-template-columns:minmax(0, 1fr);}}<\/style>\n<div class=\"wp-block-kadence-rowlayout alignnone\"><div id=\"kt-layout-id_677619-94\" class=\"kt-row-layout-inner kt-row-has-bg kt-layout-id_677619-94 has-theme-palette-7-background-color\"><div class=\"kt-row-column-wrap kt-has-1-columns kt-gutter-default kt-v-gutter-default kt-row-valign-top kt-row-layout-equal kt-tab-layout-inherit kt-m-colapse-left-to-right kt-mobile-layout-row\"><style>.kadence-column_79ba68-cd > .kt-inside-inner-col{border-top-width:0px;border-right-width:0px;border-bottom-width:0px;border-left-width:0px;}.kadence-column_79ba68-cd > .kt-inside-inner-col,.kadence-column_79ba68-cd > .kt-inside-inner-col:before{border-top-left-radius:0px;border-top-right-radius:0px;border-bottom-right-radius:0px;border-bottom-left-radius:0px;}.kadence-column_79ba68-cd > .kt-inside-inner-col{column-gap:var(--global-kb-gap-sm, 1rem);}.kadence-column_79ba68-cd > .kt-inside-inner-col{flex-direction:column;}.kadence-column_79ba68-cd > .kt-inside-inner-col > .aligncenter{width:100%;}.kadence-column_79ba68-cd > .kt-inside-inner-col:before{opacity:0.3;}.kadence-column_79ba68-cd{position:relative;}@media all and (max-width: 1024px){.kadence-column_79ba68-cd > .kt-inside-inner-col{flex-direction:column;justify-content:center;}}@media all and (max-width: 767px){.kadence-column_79ba68-cd > .kt-inside-inner-col{flex-direction:column;justify-content:center;}}<\/style>\n<div class=\"wp-block-kadence-column inner-column-1 kadence-column_79ba68-cd\"><div class=\"kt-inside-inner-col\"><p class=\"has-text-align-center has-theme-palette-7-background-color has-background\">Contactez-nous par mail :<strong> support@adopteunparking.com<\/strong><br><strong>OU<\/strong><br>Remplissez le formulaire ci-dessous et <strong>notre assistance vous ajoutera sur notre site en quelques minutes<\/strong>.<\/p>\n\n<div class='fluentform ff-default fluentform_wrapper_11 ffs_default_wrap'><form data-form_id=\"11\" id=\"fluentform_11\" class=\"frm-fluent-form fluent_form_11 ff-el-form-top ff_form_instance_11_1 ff-form-loading ffs_default\" data-form_instance=\"ff_form_instance_11_1\" method=\"POST\" ><fieldset  style=\"border: none!important;margin: 0!important;padding: 0!important;background-color: transparent!important;box-shadow: none!important;outline: none!important; min-inline-size: 100%;\">\n                    <legend class=\"ff_screen_reader_title\" style=\"display: block; margin: 0!important;padding: 0!important;height: 0!important;text-indent: -999999px;width: 0!important;overflow:hidden;\">Inscription parking<\/legend>        <div\n                style=\"display: none!important; position: absolute!important; transform: translateX(1000%)!important;\"\n                class=\"ff-el-group ff-hpsf-container\"\n        >\n            <div class=\"ff-el-input--label asterisk-right\">\n                <label for=\"ff_11_item_sf\" aria-label=\"Newsletter\">\n                    Newsletter                <\/label>\n            <\/div>\n            <div class=\"ff-el-input--content\">\n                <input type=\"text\"\n                       name=\"item_11__fluent_sf\"\n                       class=\"ff-el-form-control\"\n                       id=\"ff_11_item_sf\"\n                \/>\n            <\/div>\n        <\/div>\n        <input type='hidden' name='__fluent_form_embded_post_id' value='6063' \/><input type=\"hidden\" id=\"_fluentform_11_fluentformnonce\" name=\"_fluentform_11_fluentformnonce\" value=\"381349b4d0\" \/><input type=\"hidden\" name=\"_wp_http_referer\" value=\"\/en_gb\/wp-json\/wp\/v2\/pages\/6063\" \/><div data-type=\"name-element\" data-name=\"names\" class=\" ff-field_container ff-name-field-wrapper\" ><div class='ff-t-container'><div class='ff-t-cell '><div class='ff-el-group'><div class=\"ff-el-input--label asterisk-right\"><label for='ff_11_names_first_name_' id='label_ff_11_names_first_name_' >Pr\u00e9nom<\/label><\/div><div class='ff-el-input--content'><input type=\"text\" name=\"names[first_name]\" id=\"ff_11_names_first_name_\" class=\"ff-el-form-control\" aria-invalid=\"false\" aria-required=false><\/div><\/div><\/div><div class='ff-t-cell '><div class='ff-el-group'><div class=\"ff-el-input--label asterisk-right\"><label for='ff_11_names_last_name_' id='label_ff_11_names_last_name_' >Nom<\/label><\/div><div class='ff-el-input--content'><input type=\"text\" name=\"names[last_name]\" id=\"ff_11_names_last_name_\" class=\"ff-el-form-control\" aria-invalid=\"false\" aria-required=false><\/div><\/div><\/div><\/div><\/div><div class='ff-el-group'><div class=\"ff-el-input--label ff-el-is-required asterisk-right\"><label for='ff_11_email' id='label_ff_11_email' aria-label=\"Email\">Email<\/label><\/div><div class='ff-el-input--content'><input type=\"email\" name=\"email\" id=\"ff_11_email\" class=\"ff-el-form-control\" data-name=\"email\"  aria-invalid=\"false\" aria-required=true><\/div><\/div><div class='ff-el-group'><div class=\"ff-el-input--label ff-el-is-required asterisk-right\"><label for='ff_11_email_1' id='label_ff_11_email_1' aria-label=\"T\u00e9l\u00e9phone\">T\u00e9l\u00e9phone<\/label><\/div><div class='ff-el-input--content'><input type=\"email\" name=\"email_1\" id=\"ff_11_email_1\" class=\"ff-el-form-control\" data-name=\"email_1\"  aria-invalid=\"false\" aria-required=true><\/div><\/div><div class='ff-el-group'><div class=\"ff-el-input--label ff-el-is-required asterisk-right\"><label for='ff_11_subject' id='label_ff_11_subject' aria-label=\"Ville du parking\">Ville du parking<\/label><\/div><div class='ff-el-input--content'><input type=\"text\" name=\"subject\" class=\"ff-el-form-control\" data-name=\"subject\" id=\"ff_11_subject\"  aria-invalid=\"false\" aria-required=true><\/div><\/div><div class='ff-el-group'><div class=\"ff-el-input--label asterisk-right\"><label for='ff_11_message' id='label_ff_11_message' aria-label=\"Un message ?\">Un message ?<\/label><\/div><div class='ff-el-input--content'><textarea aria-required=\"false\" aria-labelledby=\"label_ff_11_message\" name=\"message\" id=\"ff_11_message\" class=\"ff-el-form-control\" placeholder=\"Merci de pr\u00e9ciser votre num\u00e9ro de commande.\" rows=\"4\" cols=\"2\" data-name=\"message\" ><\/textarea><\/div><\/div><div class='ff-el-group ff-text-left ff_submit_btn_wrapper'><button type=\"submit\" class=\"ff-btn ff-btn-submit ff-btn-lg ff_btn_no_style\"  aria-label=\"Envoyer\">Envoyer<\/button><\/div><\/fieldset><\/form><div id='fluentform_11_errors' class='ff-errors-in-stack ff_form_instance_11_1 ff-form-loading_errors ff_form_instance_11_1_errors'><\/div><\/div>            <script type=\"text\/javascript\">\n                window.fluent_form_ff_form_instance_11_1 = {\"id\":\"11\",\"ajaxUrl\":\"https:\\\/\\\/www.adopteunparking.com\\\/wp-admin\\\/admin-ajax.php\",\"settings\":{\"layout\":{\"labelPlacement\":\"top\",\"helpMessagePlacement\":\"with_label\",\"errorMessagePlacement\":\"inline\",\"cssClassName\":\"\",\"asteriskPlacement\":\"asterisk-right\"},\"restrictions\":{\"denyEmptySubmission\":{\"enabled\":false}}},\"form_instance\":\"ff_form_instance_11_1\",\"form_id_selector\":\"fluentform_11\",\"rules\":{\"names[first_name]\":{\"required\":{\"value\":false,\"message\":\"This field is required\"}},\"names[middle_name]\":{\"required\":{\"value\":false,\"message\":\"This field is required\"}},\"names[last_name]\":{\"required\":{\"value\":false,\"message\":\"This field is required\"}},\"email\":{\"required\":{\"value\":true,\"message\":\"Ce champs est requis\"},\"email\":{\"value\":true,\"message\":\"This field must contain a valid email\"}},\"email_1\":{\"required\":{\"value\":true,\"message\":\"Ce champs est requis\"},\"email\":{\"value\":true,\"message\":\"This field must contain a valid email\"}},\"subject\":{\"required\":{\"value\":true,\"message\":\"Ce champs est requis\"}},\"message\":{\"required\":{\"value\":false,\"message\":\"Ce champs est requis\"}}},\"debounce_time\":300};\n                            <\/script>\n            <\/div><\/div><\/div><\/div><\/div><h2 class=\"wp-block-heading\">Ajouter son parking sur une plateforme, est-ce utile ?<\/h2><p>Avec des millions de personnes cherchant quotidiennement des parkings sur internet, il est tr\u00e8s utile d&rsquo;am\u00e9liorer sa visibilit\u00e9 en ligne en proposant ses services sur une plateforme de r\u00e9servation de parkings.<\/p><p>Pour rappel l&rsquo;ajout d&rsquo;une plateforme de r\u00e9servation telle que la notre en tant que canal de vente de vos places de parkings peut repr\u00e9senter un ajout de 30 \u00e0 40% de chiffre d&rsquo;affaires suppl\u00e9mentaire \u00e0 l&rsquo;ann\u00e9e. Avec des tarifs attractifs et une qualit\u00e9 de service sur mesure nous repr\u00e9sentons un atout suppl\u00e9mentaire pour rentabiliser votre parking. <strong>Inscrire son parking sur une plateforme de r\u00e9servation<\/strong> est donc une op\u00e9ration simple et sans risque. Elle est de plus tr\u00e8s rapide \u00e0 r\u00e9aliser et vous permet d&rsquo;\u00eatre visible sur internet quasiment instantann\u00e9ment.<\/p><p>Notre plateforme de <a href=\"\/\">comparaison de parkings AdopteUnparking.com<\/a> vous met en avant selon diff\u00e9rents crit\u00e8res permettant aux voyageurs de faire un choix simple et rapide. Ainsi nous vous apportons des clients suppl\u00e9mentaires et nous leur fournissons un service efficace et de qualit\u00e9 proche de leur a\u00e9roport, gare ou port.<\/p><p>La conclusion est donc tr\u00e8s simple, plus vous \u00eates visible, plus vous avez de chances de louer vos places de parking, inscrivez-vous donc !<\/p><h2 class=\"wp-block-heading\">Pourquoi les clients choisissent-ils AdopteUnParking.com ?<\/h2><p>Vous \u00eates-vous d\u00e9j\u00e0 demand\u00e9 pourquoi le site web de votre parking a tant de trafic, mais que le nombre de r\u00e9servations directes est nettement inf\u00e9rieur ? Pourquoi vos clients ont-ils tendance \u00e0 r\u00e9server sur les sites des plateformes de r\u00e9servation plut\u00f4t que sur le v\u00f4tre ? Dans cet article, nous allons mettre cette question en lumi\u00e8re.<\/p><p>Le comportement des voyageurs a chang\u00e9 au fil des ans. En fait, il ne cesse de changer. Il y a environ 50 ans, il \u00e9tait tr\u00e8s difficile de trouver un moyen d&rsquo;acqu\u00e9rir des clients sans l&rsquo;aide des tour-op\u00e9rateurs, pour de nombreux grands parkings &#8211; impossible. Aujourd&rsquo;hui, les r\u00e8gles du jeu ont chang\u00e9, mais il n&rsquo;en reste pas moins que le partenariat avec les plateformes de r\u00e9servation pr\u00e9sente de nombreux avantages, et de nombreux parkings orientent leur strat\u00e9gie vers cette collaboration.<\/p><h2 class=\"wp-block-heading\">Comment ajouter son parking sur une plateforme ?<\/h2><p>Il vous suffit de nous contacter, une personne de l&rsquo;assistance parkings vous r\u00e9pondra et vous enverra un questionnaire \u00e0 remplir avec un contrat de partenaire \u00e0 signer. Rapide et simple <strong>votre parking sera affich\u00e9 sur notre <a href=\"\/\">plateforme de r\u00e9servation de parkings<\/a><\/strong> en quelques instants.<\/p><p class=\"has-theme-palette-7-background-color has-background\">Contactez-nous pour une <strong>inscription rapide et simple<\/strong> : <br><strong>Assistance parkings : support@adopteunparking.com<\/strong><\/p><h2 class=\"wp-block-heading\">Comment faire appara\u00eetre vos avis Google sur notre site ? Deux possibilit\u00e9s<\/h2><h4 class=\"wp-block-heading\">1 &#8211; Rechercher votre fiche Google et ajouter un administrateur<\/h4><ul class=\"wp-block-list\"><li>Dans la recherche&nbsp;Google, recherchez \u00ab\u00a0mon entreprise\u00a0\u00bb.<\/li><li>Dans la recherche&nbsp;Google ou sur Maps, recherchez le nom et la ville de votre \u00e9tablissement.<\/li><li>En haut \u00e0 droite de l&rsquo;application Google&nbsp;Map, appuyez sur votre photo de profil ou votre initiale&nbsp; &gt; &nbsp;<strong>Votre fiche d&rsquo;\u00e9tablissement<\/strong>.<\/li><li>Si n\u00e9cessaire, s\u00e9lectionnez&nbsp;<strong>Voir la fiche<\/strong>&nbsp;pour g\u00e9rer votre fiche d&rsquo;\u00e9tablissement.<\/li><\/ul><h4 class=\"wp-block-heading\">2 &#8211; Envoyer un mail \u00e0 : support@adopteunparking.com<\/h4><p>Dans lequel vous pr\u00e9cisez que vous souhaitez voir appara\u00eetre vos avis Google.<br>Google vous enverra une demande par mail qu&rsquo;il faudra valider.<\/p>","protected":false},"excerpt":{"rendered":"<p>Registration Adding your car park to our reservation site takes just a few minutes. However, we pay close attention to the quality of the car parks we offer on our car park search platform and all information will be checked before your application is validated. Our aim is to offer travellers a selection of car parks...<\/p>","protected":false},"author":1,"featured_media":0,"parent":0,"menu_order":0,"comment_status":"closed","ping_status":"closed","template":"","meta":{"_acf_changed":false,"_seopress_robots_primary_cat":"","_seopress_titles_title":"Inscrire son parking une plateforme de r\u00e9servation | AdopteUnParking","_seopress_titles_desc":"Inscription de votre parking sur notre plateforme de r\u00e9servation AdopteUnParking. Augmentez votre taux de remplissage avec notre site de r\u00e9servation.","_seopress_robots_index":"","_kad_blocks_custom_css":"","_kad_blocks_head_custom_js":"","_kad_blocks_body_custom_js":"","_kad_blocks_footer_custom_js":"","_kad_post_transparent":"","_kad_post_title":"","_kad_post_layout":"normal","_kad_post_sidebar_id":"","_kad_post_content_style":"","_kad_post_vertical_padding":"","_kad_post_feature":"","_kad_post_feature_position":"","_kad_post_header":false,"_kad_post_footer":false,"_kad_post_classname":"","footnotes":""},"class_list":["post-6063","page","type-page","status-publish"],"acf":[],"ams_acf":[],"taxonomy_info":[],"featured_image_src_large":false,"author_info":{"display_name":"Kevin - AdopteUnParking","author_link":"https:\/\/www.adopteunparking.com\/en_gb\/author\/vivawebkdoussaint"},"comment_info":0,"_links":{"self":[{"href":"https:\/\/www.adopteunparking.com\/en_gb\/wp-json\/wp\/v2\/pages\/6063","targetHints":{"allow":["GET"]}}],"collection":[{"href":"https:\/\/www.adopteunparking.com\/en_gb\/wp-json\/wp\/v2\/pages"}],"about":[{"href":"https:\/\/www.adopteunparking.com\/en_gb\/wp-json\/wp\/v2\/types\/page"}],"author":[{"embeddable":true,"href":"https:\/\/www.adopteunparking.com\/en_gb\/wp-json\/wp\/v2\/users\/1"}],"replies":[{"embeddable":true,"href":"https:\/\/www.adopteunparking.com\/en_gb\/wp-json\/wp\/v2\/comments?post=6063"}],"version-history":[{"count":0,"href":"https:\/\/www.adopteunparking.com\/en_gb\/wp-json\/wp\/v2\/pages\/6063\/revisions"}],"wp:attachment":[{"href":"https:\/\/www.adopteunparking.com\/en_gb\/wp-json\/wp\/v2\/media?parent=6063"}],"curies":[{"name":"wp","href":"https:\/\/api.w.org\/{rel}","templated":true}]}}